{"id":266,"date":"2016-08-26T14:40:29","date_gmt":"2016-08-26T12:40:29","guid":{"rendered":"http:\/\/institut-sozialwirtschaft.de\/en\/?page_id=266"},"modified":"2017-01-16T16:23:41","modified_gmt":"2017-01-16T15:23:41","slug":"contact","status":"publish","type":"page","link":"https:\/\/www.institut-sozialwirtschaft.de\/en\/about-us\/contact\/","title":{"rendered":"Contact"},"content":{"rendered":"<div class=\"wpb-content-wrapper\">[vc_row no_margin=&#8221;true&#8221; padding_top=&#8221;0px&#8221; padding_bottom=&#8221;0px&#8221; border=&#8221;bottom&#8221; bg_video=&#8221;&#8221; class=&#8221;&#8221; style=&#8221;&#8221; bg_image=&#8221;82&#8243;][vc_column fade_animation_offset=&#8221;45px&#8221; width=&#8221;1\/1&#8243;]<hr  class=\"x-gap\" style=\"margin: 150px 0 0 0;\">[\/vc_column][\/vc_row][vc_row inner_container=&#8221;true&#8221; no_margin=&#8221;true&#8221; padding_top=&#8221;4em&#8221; padding_bottom=&#8221;2em&#8221; bg_video=&#8221;&#8221; class=&#8221;&#8221; style=&#8221;&#8221;][vc_column fade_animation_offset=&#8221;45px&#8221; width=&#8221;1\/1&#8243;]<h1 style=\"text-align: center;\">Contact<\/h1>\n<p><span class=\"larger\">You want to gather information about the German Institute for Social Economy? Feel free to contact us by the following form. You can enter<br \/>\n<\/span><\/p>\n<ul>\n<li style=\"text-align: left;\"><span class=\"larger\">your Name<\/span><\/li>\n<li style=\"text-align: left;\"><span class=\"larger\">your email adress<\/span><\/li>\n<li style=\"text-align: left;\"><span class=\"larger\">as well as your message or question.<\/span><\/li>\n<\/ul>\n[vc_row_inner padding_top=&#8221;0px&#8221; padding_bottom=&#8221;0px&#8221;][vc_column_inner fade_animation_offset=&#8221;45px&#8221; width=&#8221;1\/2&#8243;]<h4><span class=\"larger\">We are looking forward to your message:<\/span><\/h4>\n\n<div class=\"wpcf7 no-js\" id=\"wpcf7-f11-o1\" lang=\"de-DE\" dir=\"ltr\" data-wpcf7-id=\"11\">\n<div class=\"screen-reader-response\"><p role=\"status\" aria-live=\"polite\" aria-atomic=\"true\"><\/p> <ul><\/ul><\/div>\n<form action=\"\/en\/wp-json\/wp\/v2\/pages\/266#wpcf7-f11-o1\" method=\"post\" class=\"wpcf7-form init\" aria-label=\"Kontaktformular\" novalidate=\"novalidate\" data-status=\"init\">\n<div style=\"display: none;\">\n<input type=\"hidden\" name=\"_wpcf7\" value=\"11\" \/>\n<input type=\"hidden\" name=\"_wpcf7_version\" value=\"6.0.6\" \/>\n<input type=\"hidden\" name=\"_wpcf7_locale\" value=\"de_DE\" \/>\n<input type=\"hidden\" name=\"_wpcf7_unit_tag\" value=\"wpcf7-f11-o1\" \/>\n<input type=\"hidden\" name=\"_wpcf7_container_post\" value=\"0\" \/>\n<input type=\"hidden\" name=\"_wpcf7_posted_data_hash\" value=\"\" \/>\n<input type=\"hidden\" name=\"_wpcf7_recaptcha_response\" value=\"\" \/>\n<\/div>\n<p><span class=\"wpcf7-form-control-wrap\" data-name=\"Name\"><input size=\"40\" maxlength=\"400\" class=\"wpcf7-form-control wpcf7-text wpcf7-validates-as-required\" aria-required=\"true\" aria-invalid=\"false\" placeholder=\"Vor-, Name\" value=\"\" type=\"text\" name=\"Name\" \/><\/span>\n<\/p>\n<p><span class=\"wpcf7-form-control-wrap\" data-name=\"Email\"><input size=\"40\" maxlength=\"400\" class=\"wpcf7-form-control wpcf7-text wpcf7-validates-as-required\" aria-required=\"true\" aria-invalid=\"false\" placeholder=\"E-Mailadresse\" value=\"\" type=\"text\" name=\"Email\" \/><\/span>\n<\/p>\n<p><span class=\"wpcf7-form-control-wrap\" data-name=\"Nachricht\"><textarea cols=\"40\" rows=\"10\" maxlength=\"2000\" class=\"wpcf7-form-control wpcf7-textarea wpcf7-validates-as-required\" aria-required=\"true\" aria-invalid=\"false\" placeholder=\"Ihre Nachricht an uns ...\" name=\"Nachricht\"><\/textarea><\/span>\n<\/p>\n<p><input class=\"wpcf7-form-control wpcf7-submit has-spinner right\" type=\"submit\" value=\"Absenden\" \/>\n<\/p><div class=\"wpcf7-response-output\" aria-hidden=\"true\"><\/div>\n<\/form>\n<\/div>\n[\/vc_column_inner][vc_column_inner fade_animation_offset=&#8221;45px&#8221; width=&#8221;1\/2&#8243;]<h4><span class=\"larger\">Impressum<\/span><\/h4>\n<p><strong>Deutsches Institut f\u00fcr Sozialwirtschaft (DISW) e.V.<\/strong><br \/>\nRingstr. 35<br \/>\n24114 Kiel<br \/>\nTelefon: +49.431.66719630<br \/>\nTelefax: +49.431.66719631<\/p>\n<p><strong>Projektb\u00fcro Hamburg<\/strong><br \/>\nAdenauerallee 3-6<br \/>\n20099 Hamburg<\/p>\n<p>Tel.: 040 280078877<br \/>\nFax: 040 280078878<\/p>\n<p>E-Mail: info@institut-sozialwirtschaft.de<br \/>\nInternet: www.institut-sozialwirtschaft.de<\/p>\n<p><strong>Vertreten durch:<\/strong><br \/>\nGeorg Horcher, 1. Vorsitzender<br \/>\nProf. Dr. Peter Z\u00e4ngl, stellv. Vorsitzender<br \/>\nProf. Dr. Andreas Langer, Direktor<\/p>\n<p><strong>Eintragung im Vereinsregister:<\/strong><br \/>\nRegistergericht: Amtsgericht L\u00fcneburg<br \/>\nRegisternummer: VR 1818<\/p>\n[\/vc_column_inner][\/vc_row_inner]<hr  class=\"x-hr\" ><p><sup>Haftung f\u00fcr Inhalte:<\/sup><\/p>\n<p><sup>Als Diensteanbieter sind wir gem\u00e4\u00df \u00a7 7 Abs.1 TMG f\u00fcr eigene Inhalte auf diesen Seiten nach den allgemeinen Gesetzen verantwortlich. Nach \u00a7\u00a7 8 bis 10 TMG sind wir als Diensteanbieter nicht verpflichtet, \u00fcbermittelte oder gespeicherte fremde Informationen zu \u00fcberwachen oder nach Umst\u00e4nden zu forschen, die auf eine rechtswidrige T\u00e4tigkeit hinweisen. Verpflichtungen zur Entfernung oder Sperrung der Nutzung von Informationen nach den allgemeinen Gesetzen bleiben hiervon unber\u00fchrt. Eine diesbez\u00fcgliche Haftung ist jedoch erst ab dem Zeitpunkt der Kenntnis einer konkreten Rechtsverletzung m\u00f6glich. Bei Bekanntwerden von entsprechenden Rechtsverletzungen werden wir diese Inhalte umgehend entfernen.<\/sup><\/p>\n<p><sup>Verweise und Links:<\/sup><\/p>\n<p><sup>Trotz sorgf\u00e4ltiger inhaltlicher Kontrolle \u00fcbernehmen wir keine Haftung f\u00fcr die Inhalte der Links. F\u00fcr den Inhalt der verlinkten Seiten sind ausschlie\u00dflich deren Betreiber verantwortlich. F\u00fcr Fehler redaktioneller und technischer Art sowie f\u00fcr die Richtigkeit der Eintragungen kann keine Haftung \u00fcbernommen werden. Die Redaktion beh\u00e4lt sich Rechte vor, ohne vorherige Ank\u00fcndigung \u00c4nderungen oder Erg\u00e4nzungen der bereitgestellten Informationen vorzunehmen, gegebenenfalls auch Informationen zu entfernen.<\/sup><\/p>\n<p><sup>Urheberrecht:<\/sup><\/p>\n<p><sup>Die durch die Seitenbetreiber erstellten Inhalte und Werke auf diesen Seiten unterliegen dem deutschen Urheberrecht. Die Vervielf\u00e4ltigung, Bearbeitung, Verbreitung und jede Art der Verwertung au\u00dferhalb der Grenzen des Urheberrechtes bed\u00fcrfen der schriftlichen Zustimmung des jeweiligen Autors bzw. Erstellers. Downloads und Kopien dieser Seite sind nur f\u00fcr den privaten, nicht kommerziellen Gebrauch gestattet. Soweit die Inhalte auf dieser Seite nicht vom Betreiber erstellt wurden, werden die Urheberrechte Dritter beachtet. Insbesondere werden Inhalte Dritter als solche gekennzeichnet. Sollten Sie trotzdem auf eine Urheberrechtsverletzung aufmerksam werden, bitten wir um einen entsprechenden Hinweis. Bei Bekanntwerden von Rechtsverletzungen werden wir derartige Inhalte umgehend entfernen.<\/sup><\/p>\n[\/vc_column][\/vc_row]\n<\/div>","protected":false},"excerpt":{"rendered":"<p>[vc_row no_margin=&#8221;true&#8221; padding_top=&#8221;0px&#8221; padding_bottom=&#8221;0px&#8221; border=&#8221;bottom&#8221; bg_video=&#8221;&#8221; class=&#8221;&#8221; style=&#8221;&#8221; bg_image=&#8221;82&#8243;][vc_column fade_animation_offset=&#8221;45px&#8221; width=&#8221;1\/1&#8243;][\/vc_column][\/vc_row][vc_row inner_container=&#8221;true&#8221; no_margin=&#8221;true&#8221; padding_top=&#8221;4em&#8221; padding_bottom=&#8221;2em&#8221; bg_video=&#8221;&#8221; class=&#8221;&#8221; style=&#8221;&#8221;][vc_column fade_animation_offset=&#8221;45px&#8221; width=&#8221;1\/1&#8243;][vc_row_inner padding_top=&#8221;0px&#8221; padding_bottom=&#8221;0px&#8221;][vc_column_inner fade_animation_offset=&#8221;45px&#8221; width=&#8221;1\/2&#8243;][\/vc_column_inner][vc_column_inner fade_animation_offset=&#8221;45px&#8221; width=&#8221;1\/2&#8243;][\/vc_column_inner][\/vc_row_inner][\/vc_column][\/vc_row]<\/p>\n","protected":false},"author":1,"featured_media":0,"parent":263,"menu_order":0,"comment_status":"closed","ping_status":"open","template":"template-blank-4.php","meta":{"footnotes":""},"class_list":["post-266","page","type-page","status-publish","hentry","no-post-thumbnail"],"aioseo_notices":[],"_links":{"self":[{"href":"https:\/\/www.institut-sozialwirtschaft.de\/en\/wp-json\/wp\/v2\/pages\/266","targetHints":{"allow":["GET"]}}],"collection":[{"href":"https:\/\/www.institut-sozialwirtschaft.de\/en\/wp-json\/wp\/v2\/pages"}],"about":[{"href":"https:\/\/www.institut-sozialwirtschaft.de\/en\/wp-json\/wp\/v2\/types\/page"}],"author":[{"embeddable":true,"href":"https:\/\/www.institut-sozialwirtschaft.de\/en\/wp-json\/wp\/v2\/users\/1"}],"replies":[{"embeddable":true,"href":"https:\/\/www.institut-sozialwirtschaft.de\/en\/wp-json\/wp\/v2\/comments?post=266"}],"version-history":[{"count":6,"href":"https:\/\/www.institut-sozialwirtschaft.de\/en\/wp-json\/wp\/v2\/pages\/266\/revisions"}],"predecessor-version":[{"id":956,"href":"https:\/\/www.institut-sozialwirtschaft.de\/en\/wp-json\/wp\/v2\/pages\/266\/revisions\/956"}],"up":[{"embeddable":true,"href":"https:\/\/www.institut-sozialwirtschaft.de\/en\/wp-json\/wp\/v2\/pages\/263"}],"wp:attachment":[{"href":"https:\/\/www.institut-sozialwirtschaft.de\/en\/wp-json\/wp\/v2\/media?parent=266"}],"curies":[{"name":"wp","href":"https:\/\/api.w.org\/{rel}","templated":true}]}}